{"id":19,"date":"2024-03-13T22:35:09","date_gmt":"2024-03-14T01:35:09","guid":{"rendered":"https:\/\/fisiodomiciliargoiania.com.br\/index.php\/home\/"},"modified":"2024-03-13T23:57:37","modified_gmt":"2024-03-14T02:57:37","slug":"home","status":"publish","type":"page","link":"https:\/\/fisiodomiciliargoiania.com.br\/","title":{"rendered":""},"content":{"rendered":"\t\t<div data-elementor-type=\"wp-page\" data-elementor-id=\"19\" class=\"elementor elementor-19\" data-elementor-post-type=\"page\">\n\t\t\t\t\t\t<section class=\"elementor-section elementor-top-section elementor-element elementor-element-25deb6d elementor-section-boxed elementor-section-height-default elementor-section-height-default\" data-id=\"25deb6d\" data-element_type=\"section\">\n\t\t\t\t\t\t<div class=\"elementor-container elementor-column-gap-default\">\n\t\t\t\t\t<div class=\"elementor-column elementor-col-100 elementor-top-column elementor-element elementor-element-1c8ba0f\" data-id=\"1c8ba0f\" data-element_type=\"column\">\n\t\t\t<div class=\"elementor-widget-wrap elementor-element-populated\">\n\t\t\t\t\t\t<div class=\"elementor-element elementor-element-55ea4d1 elementor-position-top elementor-widget elementor-widget-image-box\" data-id=\"55ea4d1\" data-element_type=\"widget\" data-widget_type=\"image-box.default\">\n\t\t\t\t<div class=\"elementor-widget-container\">\n\t\t\t\t\t<div class=\"elementor-image-box-wrapper\"><figure class=\"elementor-image-box-img\"><img decoding=\"async\" width=\"150\" height=\"150\" src=\"https:\/\/fisiodomiciliargoiania.com.br\/wp-content\/uploads\/2024\/03\/2.png\" class=\"attachment-full size-full wp-image-42\" alt=\"\" \/><\/figure><div class=\"elementor-image-box-content\"><h3 class=\"elementor-image-box-title\">Ortop\u00e9dica<\/h3><p class=\"elementor-image-box-description\">Acompanha e trata disfun\u00e7\u00f5es causadas por doen\u00e7as, bem como traumatismos ou les\u00f5es ortop\u00e9dicas.<\/p><\/div><\/div>\t\t\t\t<\/div>\n\t\t\t\t<\/div>\n\t\t\t\t<div class=\"elementor-element elementor-element-7cd59da elementor-position-top elementor-widget elementor-widget-image-box\" data-id=\"7cd59da\" data-element_type=\"widget\" data-widget_type=\"image-box.default\">\n\t\t\t\t<div class=\"elementor-widget-container\">\n\t\t\t\t\t<div class=\"elementor-image-box-wrapper\"><figure class=\"elementor-image-box-img\"><img decoding=\"async\" width=\"150\" height=\"150\" src=\"https:\/\/fisiodomiciliargoiania.com.br\/wp-content\/uploads\/2024\/03\/3.png\" class=\"attachment-full size-full wp-image-44\" alt=\"\" \/><\/figure><div class=\"elementor-image-box-content\"><h3 class=\"elementor-image-box-title\">Geri\u00e1trica<\/h3><p class=\"elementor-image-box-description\">Aten\u00e7\u00e3o e cuidado aos idosos, com \u00eanfase em sua qualidade de vida, assim como bem-estar e mobilidade.<\/p><\/div><\/div>\t\t\t\t<\/div>\n\t\t\t\t<\/div>\n\t\t\t\t<div class=\"elementor-element elementor-element-b3b25b9 elementor-position-top elementor-widget elementor-widget-image-box\" data-id=\"b3b25b9\" data-element_type=\"widget\" data-widget_type=\"image-box.default\">\n\t\t\t\t<div class=\"elementor-widget-container\">\n\t\t\t\t\t<div class=\"elementor-image-box-wrapper\"><figure class=\"elementor-image-box-img\"><img decoding=\"async\" width=\"150\" height=\"150\" src=\"https:\/\/fisiodomiciliargoiania.com.br\/wp-content\/uploads\/2024\/03\/4.png\" class=\"attachment-full size-full wp-image-45\" alt=\"\" \/><\/figure><div class=\"elementor-image-box-content\"><h3 class=\"elementor-image-box-title\">Esportiva<\/h3><p class=\"elementor-image-box-description\">Diretamente com atletas de diferentes segmentos, nesse sentido atuando na preven\u00e7\u00e3o e tratamento de les\u00f5es decorrentes do esporte.<\/p><\/div><\/div>\t\t\t\t<\/div>\n\t\t\t\t<\/div>\n\t\t\t\t<div class=\"elementor-element elementor-element-31a7a55 elementor-position-top elementor-widget elementor-widget-image-box\" data-id=\"31a7a55\" data-element_type=\"widget\" data-widget_type=\"image-box.default\">\n\t\t\t\t<div class=\"elementor-widget-container\">\n\t\t\t\t\t<div class=\"elementor-image-box-wrapper\"><figure class=\"elementor-image-box-img\"><img loading=\"lazy\" decoding=\"async\" width=\"150\" height=\"150\" src=\"https:\/\/fisiodomiciliargoiania.com.br\/wp-content\/uploads\/2024\/03\/5.png\" class=\"attachment-full size-full wp-image-46\" alt=\"\" \/><\/figure><div class=\"elementor-image-box-content\"><h3 class=\"elementor-image-box-title\">Neurol\u00f3gica<\/h3><p class=\"elementor-image-box-description\">Reabilita\u00e7\u00e3o de pacientes que possuem limita\u00e7\u00f5es f\u00edsicas ou neuromotoras decorrentes de doen\u00e7as neurol\u00f3gicas ou degenerativas, a fim de garantir sua autonomia.<\/p><\/div><\/div>\t\t\t\t<\/div>\n\t\t\t\t<\/div>\n\t\t\t\t<div class=\"elementor-element elementor-element-331beb8 elementor-position-top elementor-widget elementor-widget-image-box\" data-id=\"331beb8\" data-element_type=\"widget\" data-widget_type=\"image-box.default\">\n\t\t\t\t<div class=\"elementor-widget-container\">\n\t\t\t\t\t<div class=\"elementor-image-box-wrapper\"><figure class=\"elementor-image-box-img\"><img loading=\"lazy\" decoding=\"async\" width=\"150\" height=\"150\" src=\"https:\/\/fisiodomiciliargoiania.com.br\/wp-content\/uploads\/2024\/03\/6.png\" class=\"attachment-full size-full wp-image-47\" alt=\"\" \/><\/figure><div class=\"elementor-image-box-content\"><h3 class=\"elementor-image-box-title\">Respirat\u00f3ria<\/h3><p class=\"elementor-image-box-description\">Objetivo de  melhorar oxigena\u00e7\u00e3o do sangue, promovendo reexpans\u00e3o pulmonar, diminuindo o trabalho respirat\u00f3rio, assim como a reeducac\u00e3o da fun\u00e7\u00e3o respirat\u00f3ria e preven\u00e7\u00e3o de demais complica\u00e7\u00f5es.<\/p><\/div><\/div>\t\t\t\t<\/div>\n\t\t\t\t<\/div>\n\t\t\t\t<div class=\"elementor-element elementor-element-3068603 elementor-position-top elementor-widget elementor-widget-image-box\" data-id=\"3068603\" data-element_type=\"widget\" data-widget_type=\"image-box.default\">\n\t\t\t\t<div class=\"elementor-widget-container\">\n\t\t\t\t\t<div class=\"elementor-image-box-wrapper\"><figure class=\"elementor-image-box-img\"><img loading=\"lazy\" decoding=\"async\" width=\"150\" height=\"150\" src=\"https:\/\/fisiodomiciliargoiania.com.br\/wp-content\/uploads\/2024\/03\/7.jpg\" class=\"attachment-full size-full wp-image-48\" alt=\"\" \/><\/figure><div class=\"elementor-image-box-content\"><h3 class=\"elementor-image-box-title\">Laboral<\/h3><p class=\"elementor-image-box-description\">Manter a sa\u00fade do trabalhador assim como prevenir e tratar les\u00f5es ou qualquer outra disfun\u00e7\u00e3o decorrente de sua atividade profissional.<\/p><\/div><\/div>\t\t\t\t<\/div>\n\t\t\t\t<\/div>\n\t\t\t\t\t<\/div>\n\t\t<\/div>\n\t\t\t\t\t<\/div>\n\t\t<\/section>\n\t\t\t\t<section class=\"elementor-section elementor-top-section elementor-element elementor-element-11d71de elementor-section-boxed elementor-section-height-default elementor-section-height-default\" data-id=\"11d71de\" data-element_type=\"section\">\n\t\t\t\t\t\t<div class=\"elementor-container elementor-column-gap-default\">\n\t\t\t\t\t<div class=\"elementor-column elementor-col-100 elementor-top-column elementor-element elementor-element-7b81744\" data-id=\"7b81744\" data-element_type=\"column\">\n\t\t\t<div class=\"elementor-widget-wrap elementor-element-populated\">\n\t\t\t\t\t\t<div class=\"elementor-element elementor-element-05f1e70 elementor-widget elementor-widget-heading\" data-id=\"05f1e70\" data-element_type=\"widget\" data-widget_type=\"heading.default\">\n\t\t\t\t<div class=\"elementor-widget-container\">\n\t\t\t\t\t<h2 class=\"elementor-heading-title elementor-size-default\">Por que fisioterapia domiciliar?<\/h2>\t\t\t\t<\/div>\n\t\t\t\t<\/div>\n\t\t\t\t<div class=\"elementor-element elementor-element-c4d6e27 elementor-widget elementor-widget-text-editor\" data-id=\"c4d6e27\" data-element_type=\"widget\" data-widget_type=\"text-editor.default\">\n\t\t\t\t<div class=\"elementor-widget-container\">\n\t\t\t\t\t\t\t\t\t<p>A\u00a0<strong>FISIOTERAPIA DOMICILIAR<\/strong>\u00a0tem como objetivo, al\u00e9m da reabilita\u00e7\u00e3o funcional do paciente, educ\u00e1-lo sobre sua sa\u00fade em geral e incentiv\u00e1-lo a desenvolver o autocuidado e a autonomia, al\u00e9m disso promove uma melhor qualidade de vida e bem-estar no ambiente familiar. Nesse sentido, com atendimento domiciliar (Home Care) externo ao ambiente cl\u00ednico\/hospitalar e poss\u00edvel proporcionar:<\/p>\n<ul>\n<li>Economia de tempo e sob o mesmo ponto de vista diminui\u00e7\u00e3o dos custos com deslocamento.<\/li>\n<li>Melhora da qualidade de vida do paciente assim como de seus familiares.<\/li>\n<li>Atendimento com todo o cuidado necess\u00e1rio fora do ambiente hospitalar.<\/li>\n<li>Redu\u00e7\u00e3o do risco de infec\u00e7\u00f5es hospitalares.<\/li>\n<li>Permite estudar e adaptar o ambiente domiciliar as novas necessidades do paciente.<\/li>\n<li>Recupera\u00e7\u00e3o acelerada.<\/li>\n<li>Flexibilidade de hor\u00e1rios.<\/li>\n<\/ul>\t\t\t\t\t\t\t\t<\/div>\n\t\t\t\t<\/div>\n\t\t\t\t\t<\/div>\n\t\t<\/div>\n\t\t\t\t\t<\/div>\n\t\t<\/section>\n\t\t\t\t<section class=\"elementor-section elementor-top-section elementor-element elementor-element-df13f21 elementor-section-boxed elementor-section-height-default elementor-section-height-default\" data-id=\"df13f21\" data-element_type=\"section\">\n\t\t\t\t\t\t<div class=\"elementor-container elementor-column-gap-default\">\n\t\t\t\t\t<div class=\"elementor-column elementor-col-100 elementor-top-column elementor-element elementor-element-56b0193\" data-id=\"56b0193\" data-element_type=\"column\">\n\t\t\t<div class=\"elementor-widget-wrap elementor-element-populated\">\n\t\t\t\t\t\t<div class=\"elementor-element elementor-element-c27fc04 elementor-widget elementor-widget-heading\" data-id=\"c27fc04\" data-element_type=\"widget\" data-widget_type=\"heading.default\">\n\t\t\t\t<div class=\"elementor-widget-container\">\n\t\t\t\t\t<h2 class=\"elementor-heading-title elementor-size-default\">A FISIODOMICILIAR<\/h2>\t\t\t\t<\/div>\n\t\t\t\t<\/div>\n\t\t\t\t<div class=\"elementor-element elementor-element-6e114c3 elementor-widget elementor-widget-text-editor\" data-id=\"6e114c3\" data-element_type=\"widget\" data-widget_type=\"text-editor.default\">\n\t\t\t\t<div class=\"elementor-widget-container\">\n\t\t\t\t\t\t\t\t\t<p>Possu\u00edmos um cuidado especial e individual ao realizar cada atendimento, no \u00e2mbito de n\u00e3o s\u00f3 tratar o quadro cl\u00ednico do paciente, mas tamb\u00e9m levar efeitos e benef\u00edcios psicol\u00f3gicos positivos, ao mesmo tempo buscamos proporcionar a melhora da auto estima, sono, disposi\u00e7\u00e3o, humor e capacidade funcional. Prestamos o servi\u00e7o de fisioterapia domiciliar em Goi\u00e2nia e regi\u00e3o.<\/p>\t\t\t\t\t\t\t\t<\/div>\n\t\t\t\t<\/div>\n\t\t\t\t\t<\/div>\n\t\t<\/div>\n\t\t\t\t\t<\/div>\n\t\t<\/section>\n\t\t\t\t<section class=\"elementor-section elementor-top-section elementor-element elementor-element-4d467bc elementor-section-boxed elementor-section-height-default elementor-section-height-default\" data-id=\"4d467bc\" data-element_type=\"section\">\n\t\t\t\t\t\t<div class=\"elementor-container elementor-column-gap-default\">\n\t\t\t\t\t<div class=\"elementor-column elementor-col-100 elementor-top-column elementor-element elementor-element-bec98f3\" data-id=\"bec98f3\" data-element_type=\"column\">\n\t\t\t<div class=\"elementor-widget-wrap elementor-element-populated\">\n\t\t\t\t\t\t<div class=\"elementor-element elementor-element-c9ae1b5 elementor-widget elementor-widget-heading\" data-id=\"c9ae1b5\" data-element_type=\"widget\" data-widget_type=\"heading.default\">\n\t\t\t\t<div class=\"elementor-widget-container\">\n\t\t\t\t\t<h2 class=\"elementor-heading-title elementor-size-default\">Como funciona a Fisioterapia em domic\u00edlio?<\/h2>\t\t\t\t<\/div>\n\t\t\t\t<\/div>\n\t\t\t\t<div class=\"elementor-element elementor-element-ac4b8b7 elementor-widget elementor-widget-text-editor\" data-id=\"ac4b8b7\" data-element_type=\"widget\" data-widget_type=\"text-editor.default\">\n\t\t\t\t<div class=\"elementor-widget-container\">\n\t\t\t\t\t\t\t\t\t<p><strong>Agendamento em at\u00e9 48 horas<\/strong><\/p>\n<p><strong>Primeira visita:<\/strong>\u00a0a princ\u00edpio e realizado a avalia\u00e7\u00e3o cl\u00ednica, essa avalia\u00e7\u00e3o tem como objetivo verificar e debater o quadro cl\u00ednico do paciente, nessa avalia\u00e7\u00e3o s\u00e3o avaliados exames caso possua, tamb\u00e9m s\u00e3o realizados diversos testes, somente ap\u00f3s est\u00e1 avalia\u00e7\u00e3o e programado e planejado o tratamento do paciente, baseado sempre em conhecimento cient\u00edfico e nas informa\u00e7\u00f5es obtidas durante a consulta avaliativa. Dispomos de diversos equipamentos utilizados para o melhorar o andamento e rendimento de cada sess\u00e3o, sem nenhum custo adicional durante a realiza\u00e7\u00e3o das sess\u00f5es, caso haja a necessidade do paciente adquirir algum material de uso pessoal e individual, em suma fica a crit\u00e9rio do mesmo.<\/p>\t\t\t\t\t\t\t\t<\/div>\n\t\t\t\t<\/div>\n\t\t\t\t\t<\/div>\n\t\t<\/div>\n\t\t\t\t\t<\/div>\n\t\t<\/section>\n\t\t\t\t<section class=\"elementor-section elementor-top-section elementor-element elementor-element-5dd4756 elementor-section-boxed elementor-section-height-default elementor-section-height-default\" data-id=\"5dd4756\" data-element_type=\"section\">\n\t\t\t\t\t\t<div class=\"elementor-container elementor-column-gap-default\">\n\t\t\t\t\t<div class=\"elementor-column elementor-col-100 elementor-top-column elementor-element elementor-element-c346066\" data-id=\"c346066\" data-element_type=\"column\">\n\t\t\t<div class=\"elementor-widget-wrap elementor-element-populated\">\n\t\t\t\t\t\t<div class=\"elementor-element elementor-element-4a8f005 elementor-widget elementor-widget-heading\" data-id=\"4a8f005\" data-element_type=\"widget\" data-widget_type=\"heading.default\">\n\t\t\t\t<div class=\"elementor-widget-container\">\n\t\t\t\t\t<h2 class=\"elementor-heading-title elementor-size-default\">Agende sua consulta<\/h2>\t\t\t\t<\/div>\n\t\t\t\t<\/div>\n\t\t\t\t<div class=\"elementor-element elementor-element-ba4baaa elementor-widget elementor-widget-text-editor\" data-id=\"ba4baaa\" data-element_type=\"widget\" data-widget_type=\"text-editor.default\">\n\t\t\t\t<div class=\"elementor-widget-container\">\n\t\t\t\t\t\t\t\t\t<center>\n<h3><strong>(62) 9 8266-8790 &#8211; Whatsapp\u00a0<\/strong><\/h3>\n<\/center>\t\t\t\t\t\t\t\t<\/div>\n\t\t\t\t<\/div>\n\t\t\t\t\t<\/div>\n\t\t<\/div>\n\t\t\t\t\t<\/div>\n\t\t<\/section>\n\t\t\t\t<\/div>\n\t\t","protected":false},"excerpt":{"rendered":"<p>Ortop\u00e9dica Acompanha e trata disfun\u00e7\u00f5es causadas por doen\u00e7as, bem como traumatismos ou les\u00f5es ortop\u00e9dicas. Geri\u00e1trica Aten\u00e7\u00e3o e cuidado aos idosos, com \u00eanfase em sua qualidade de vida, assim como bem-estar e mobilidade. Esportiva Diretamente com atletas de diferentes segmentos, nesse sentido atuando na preven\u00e7\u00e3o e tratamento de les\u00f5es decorrentes do esporte. Neurol\u00f3gica Reabilita\u00e7\u00e3o de pacientes &#8230; <a title=\"\" class=\"read-more\" href=\"https:\/\/fisiodomiciliargoiania.com.br\/\" aria-label=\"More on \">Ler mais&#8230;<\/a><\/p>\n","protected":false},"author":1,"featured_media":0,"parent":0,"menu_order":0,"comment_status":"closed","ping_status":"closed","template":"","meta":{"footnotes":""},"_links":{"self":[{"href":"https:\/\/fisiodomiciliargoiania.com.br\/index.php\/wp-json\/wp\/v2\/pages\/19"}],"collection":[{"href":"https:\/\/fisiodomiciliargoiania.com.br\/index.php\/wp-json\/wp\/v2\/pages"}],"about":[{"href":"https:\/\/fisiodomiciliargoiania.com.br\/index.php\/wp-json\/wp\/v2\/types\/page"}],"author":[{"embeddable":true,"href":"https:\/\/fisiodomiciliargoiania.com.br\/index.php\/wp-json\/wp\/v2\/users\/1"}],"replies":[{"embeddable":true,"href":"https:\/\/fisiodomiciliargoiania.com.br\/index.php\/wp-json\/wp\/v2\/comments?post=19"}],"version-history":[{"count":25,"href":"https:\/\/fisiodomiciliargoiania.com.br\/index.php\/wp-json\/wp\/v2\/pages\/19\/revisions"}],"predecessor-version":[{"id":80,"href":"https:\/\/fisiodomiciliargoiania.com.br\/index.php\/wp-json\/wp\/v2\/pages\/19\/revisions\/80"}],"wp:attachment":[{"href":"https:\/\/fisiodomiciliargoiania.com.br\/index.php\/wp-json\/wp\/v2\/media?parent=19"}],"curies":[{"name":"wp","href":"https:\/\/api.w.org\/{rel}","templated":true}]}}